{"id":10897,"date":"2025-02-19T10:19:17","date_gmt":"2025-02-19T10:19:17","guid":{"rendered":"https:\/\/immo-6.es\/?page_id=10897"},"modified":"2025-03-14T09:30:49","modified_gmt":"2025-03-14T09:30:49","slug":"avis-legal","status":"publish","type":"page","link":"https:\/\/immo-6.es\/fr\/avis-legal\/","title":{"rendered":"Avis l\u00e9gal"},"content":{"rendered":"\t\t<div data-elementor-type=\"wp-page\" data-elementor-id=\"10897\" class=\"elementor elementor-10897 elementor-3\">\n\t\t\t\t<div class=\"elementor-element elementor-element-26b35dd3 e-flex e-con-boxed e-con e-parent\" data-id=\"26b35dd3\" data-element_type=\"container\" data-e-type=\"container\">\n\t\t\t\t\t<div class=\"e-con-inner\">\n\t\t\t\t<div class=\"elementor-element elementor-element-a6493fa elementor-widget elementor-widget-spacer\" data-id=\"a6493fa\" data-element_type=\"widget\" data-e-type=\"widget\" data-widget_type=\"spacer.default\">\n\t\t\t\t<div class=\"elementor-widget-container\">\n\t\t\t\t\t\t\t<div class=\"elementor-spacer\">\n\t\t\t<div class=\"elementor-spacer-inner\"><\/div>\n\t\t<\/div>\n\t\t\t\t\t\t<\/div>\n\t\t\t\t<\/div>\n\t\t\t\t<div class=\"elementor-element elementor-element-29a1a425 elementor-widget elementor-widget-text-editor\" data-id=\"29a1a425\" data-element_type=\"widget\" data-e-type=\"widget\" data-widget_type=\"text-editor.default\">\n\t\t\t\t<div class=\"elementor-widget-container\">\n\t\t\t\t\t\t\t\t\t<h2><span style=\"background-color: var(--bs-body-bg); font-family: var( --e-global-typography-text-font-family ), Sans-serif; font-size: 2.5rem; text-align: var(--text-align);\">Mentions l\u00e9gales<\/span><\/h2><p><span style=\"font-weight: bolder;\">1. DONN\u00c9ES D&#8217;IDENTIFICATION<\/span><\/p><p><font style=\"vertical-align: inherit;\">Conform\u00e9ment \u00e0 l&#8217;article 10 de la loi 34\/2002 du 11 juillet sur les services de la soci\u00e9t\u00e9 de l&#8217;information et du commerce \u00e9lectronique (LSSICE), les utilisateurs sont inform\u00e9s des donn\u00e9es du propri\u00e9taire de ce site Web :<\/font><\/p><p><font style=\"vertical-align: inherit;\">Propri\u00e9taire : The Fifth Element Consulting SL<\/font><br><font style=\"vertical-align: inherit;\">Nom commercial : Immo 6<\/font><br><font style=\"vertical-align: inherit;\">Si\u00e8ge social : C\/ Sol 1, 29631 Arroyo de la Miel, Benalm\u00e1dena ( M\u00e1laga ) Espagne<\/font><br><font style=\"vertical-align: inherit;\">CIF\/NIF : ES B56721764<\/font><br><font style=\"vertical-align: inherit;\">E-mail : hola@immo-6.es<\/font><br><font style=\"vertical-align: inherit;\">Num\u00e9ro de t\u00e9l\u00e9phone de contact : +34 652 32 19 57<\/font><\/p><p><span style=\"font-weight: bolder;\">2. CONDITIONS D&#8217;UTILISATION<\/span><\/p><p><font style=\"vertical-align: inherit;\">L&#8217;acc\u00e8s et l&#8217;utilisation du site&nbsp;<\/font><span style=\"font-weight: bolder;\">www.immo-6.es<\/span><font style=\"vertical-align: inherit;\">&nbsp;vous conf\u00e8rent le statut d&#8217;utilisateur et impliquent l&#8217;acceptation des pr\u00e9sentes conditions d&#8217;utilisation. L&#8217;utilisateur s&#8217;engage \u00e0 faire un usage appropri\u00e9 du contenu et des services propos\u00e9s, en \u00e9vitant tout comportement ill\u00e9gal ou susceptible de porter pr\u00e9judice \u00e0 des tiers.<\/font><\/p><p><span style=\"font-weight: bolder;\">3. PROPRI\u00c9T\u00c9 INTELLECTUELLE ET INDUSTRIELLE<\/span><\/p><p><font style=\"vertical-align: inherit;\">Tout le contenu de ce site Web, y compris les textes, images, logos, marques, logiciels, structure et conception, est prot\u00e9g\u00e9 par les lois sur la propri\u00e9t\u00e9 intellectuelle et industrielle et est la propri\u00e9t\u00e9 exclusive du propri\u00e9taire ou de tiers autoris\u00e9s. La reproduction, la distribution, la modification ou l&#8217;utilisation sans autorisation pr\u00e9alable sont interdites.<\/font><\/p><p><span style=\"font-weight: bolder;\">4. PROTECTION DES DONN\u00c9ES PERSONNELLES<\/span><\/p><p><font style=\"vertical-align: inherit;\">Conform\u00e9ment au R\u00e8glement g\u00e9n\u00e9ral sur la protection des donn\u00e9es (RGPD) 2016\/679 et \u00e0 la loi organique 3\/2018 sur la protection des donn\u00e9es personnelles et la garantie des droits num\u00e9riques (LOPDGDD), les utilisateurs sont inform\u00e9s que leurs donn\u00e9es personnelles seront trait\u00e9es conform\u00e9ment \u00e0 notre politique de confidentialit\u00e9, dans le but de g\u00e9rer les services offerts.<\/font><\/p><p><font style=\"vertical-align: inherit;\">Pour exercer leurs droits d&#8217;acc\u00e8s, de rectification, de suppression, de restriction, de portabilit\u00e9 et d&#8217;opposition, les utilisateurs peuvent contacter hola@immo-6.es.<\/font><\/p><p><span style=\"font-weight: bolder;\">5. RESPONSABILIT\u00c9 ET EXCLUSION DE GARANTIES<\/span><\/p><p><font style=\"vertical-align: inherit;\">Le propri\u00e9taire n&#8217;est pas responsable des dommages d\u00e9coulant de l&#8217;utilisation des informations contenues sur ce site, ni de l&#8217;indisponibilit\u00e9 temporaire du site. Elle n&#8217;est pas non plus responsable du contenu des liens externes qui peuvent \u00eatre inclus sur le site Web.<\/font><\/p><p><span style=\"font-weight: bolder;\">6. PUBLICIT\u00c9 ET CONTENU COMMERCIAL<\/span><\/p><p><font style=\"vertical-align: inherit;\">Ce site Web peut contenir des informations sur des propri\u00e9t\u00e9s \u00e0 vendre ou \u00e0 louer. Les descriptions, les prix et les caract\u00e9ristiques des propri\u00e9t\u00e9s sont fournis \u00e0 titre informatif uniquement et peuvent \u00eatre sujets \u00e0 changement sans pr\u00e9avis.<\/font><\/p><p><span style=\"font-weight: bolder;\">7. L\u00c9GISLATION APPLICABLE ET JURIDICTION<\/span><\/p><p><font style=\"vertical-align: inherit;\">Cet avis juridique est r\u00e9gi par le droit espagnol. Pour tout litige d\u00e9coulant de l&#8217;utilisation de ce site Web, les deux parties se soumettent \u00e0 la juridiction des tribunaux de Co\u00edn.<\/font><\/p><p><font style=\"vertical-align: inherit;\">Pour toute question ou clarification, vous pouvez nous contacter par email \u00e0 hola@immo-6.es<\/font><\/p>\t\t\t\t\t\t\t\t<\/div>\n\t\t\t\t<\/div>\n\t\t\t\t\t<\/div>\n\t\t\t\t<\/div>\n\t\t\t\t<\/div>\n\t\t","protected":false},"excerpt":{"rendered":"<p>Mentions l\u00e9gales 1. DONN\u00c9ES D&#8217;IDENTIFICATION Conform\u00e9ment \u00e0 l&#8217;article 10 de la loi 34\/2002 du 11 juillet sur les services de la soci\u00e9t\u00e9 de l&#8217;information et du commerce \u00e9lectronique (LSSICE), les utilisateurs sont inform\u00e9s des donn\u00e9es du propri\u00e9taire de ce site Web : Propri\u00e9taire : The Fifth Element Consulting SLNom commercial : Immo 6Si\u00e8ge social : [&hellip;]<\/p>\n","protected":false},"author":1,"featured_media":0,"parent":0,"menu_order":0,"comment_status":"closed","ping_status":"open","template":"elementor_header_footer","meta":{"footnotes":""},"class_list":["post-10897","page","type-page","status-publish","hentry"],"yoast_head":"<!-- This site is optimized with the Yoast SEO plugin v27.3 - https:\/\/yoast.com\/product\/yoast-seo-wordpress\/ -->\n<title>Avis l\u00e9gal - Immo 6 - Tu inmobiliaria especialista en fincas en M&aacute;laga<\/title>\n<meta name=\"robots\" content=\"index, follow, max-snippet:-1, max-image-preview:large, max-video-preview:-1\" \/>\n<link rel=\"canonical\" href=\"https:\/\/immo-6.es\/fr\/avis-legal\/\" \/>\n<meta property=\"og:locale\" content=\"fr_FR\" \/>\n<meta property=\"og:type\" content=\"article\" \/>\n<meta property=\"og:title\" content=\"Avis l\u00e9gal - Immo 6 - Tu inmobiliaria especialista en fincas en M&aacute;laga\" \/>\n<meta property=\"og:description\" content=\"Mentions l\u00e9gales 1. DONN\u00c9ES D&#8217;IDENTIFICATION Conform\u00e9ment \u00e0 l&#8217;article 10 de la loi 34\/2002 du 11 juillet sur les services de la soci\u00e9t\u00e9 de l&#8217;information et du commerce \u00e9lectronique (LSSICE), les utilisateurs sont inform\u00e9s des donn\u00e9es du propri\u00e9taire de ce site Web : Propri\u00e9taire : The Fifth Element Consulting SLNom commercial : Immo 6Si\u00e8ge social : [&hellip;]\" \/>\n<meta property=\"og:url\" content=\"https:\/\/immo-6.es\/fr\/avis-legal\/\" \/>\n<meta property=\"og:site_name\" content=\"Immo 6 - Tu inmobiliaria especialista en fincas en M&aacute;laga\" \/>\n<meta property=\"article:modified_time\" content=\"2025-03-14T09:30:49+00:00\" \/>\n<meta name=\"twitter:card\" content=\"summary_large_image\" \/>\n<meta name=\"twitter:label1\" content=\"Dur\u00e9e de lecture estim\u00e9e\" \/>\n\t<meta name=\"twitter:data1\" content=\"2 minutes\" \/>\n<script type=\"application\/ld+json\" class=\"yoast-schema-graph\">{\"@context\":\"https:\\\/\\\/schema.org\",\"@graph\":[{\"@type\":\"WebPage\",\"@id\":\"https:\\\/\\\/immo-6.es\\\/fr\\\/avis-legal\\\/\",\"url\":\"https:\\\/\\\/immo-6.es\\\/fr\\\/avis-legal\\\/\",\"name\":\"Avis l\u00e9gal - Immo 6 - Tu inmobiliaria especialista en fincas en M&aacute;laga\",\"isPartOf\":{\"@id\":\"https:\\\/\\\/immo-6.es\\\/fr\\\/#website\"},\"datePublished\":\"2025-02-19T10:19:17+00:00\",\"dateModified\":\"2025-03-14T09:30:49+00:00\",\"breadcrumb\":{\"@id\":\"https:\\\/\\\/immo-6.es\\\/fr\\\/avis-legal\\\/#breadcrumb\"},\"inLanguage\":\"fr-FR\",\"potentialAction\":[{\"@type\":\"ReadAction\",\"target\":[\"https:\\\/\\\/immo-6.es\\\/fr\\\/avis-legal\\\/\"]}]},{\"@type\":\"BreadcrumbList\",\"@id\":\"https:\\\/\\\/immo-6.es\\\/fr\\\/avis-legal\\\/#breadcrumb\",\"itemListElement\":[{\"@type\":\"ListItem\",\"position\":1,\"name\":\"Portada\",\"item\":\"https:\\\/\\\/immo-6.es\\\/fr\\\/\"},{\"@type\":\"ListItem\",\"position\":2,\"name\":\"Avis l\u00e9gal\"}]},{\"@type\":\"WebSite\",\"@id\":\"https:\\\/\\\/immo-6.es\\\/fr\\\/#website\",\"url\":\"https:\\\/\\\/immo-6.es\\\/fr\\\/\",\"name\":\"Immo 6 - Tu inmobiliaria especialista en fincas en M\u00e1laga\",\"description\":\"Immo 6 es tu inmobiliaria especialista en fincas en la zona interior de M&aacute;laga - Si estas pensando en comprar o vender una casa, somos tu inmobiliaria\",\"publisher\":{\"@id\":\"https:\\\/\\\/immo-6.es\\\/fr\\\/#organization\"},\"alternateName\":\"Immo 6 - Tu inmobiliaria especialista en fincas en M\u00e1laga\",\"potentialAction\":[{\"@type\":\"SearchAction\",\"target\":{\"@type\":\"EntryPoint\",\"urlTemplate\":\"https:\\\/\\\/immo-6.es\\\/fr\\\/?s={search_term_string}\"},\"query-input\":{\"@type\":\"PropertyValueSpecification\",\"valueRequired\":true,\"valueName\":\"search_term_string\"}}],\"inLanguage\":\"fr-FR\"},{\"@type\":\"Organization\",\"@id\":\"https:\\\/\\\/immo-6.es\\\/fr\\\/#organization\",\"name\":\"Immo 6 - Tu inmobiliaria especialista en fincas en M\u00e1laga\",\"alternateName\":\"Immo 6 - Tu inmobiliaria especialista en fincas en M\u00e1laga\",\"url\":\"https:\\\/\\\/immo-6.es\\\/fr\\\/\",\"logo\":{\"@type\":\"ImageObject\",\"inLanguage\":\"fr-FR\",\"@id\":\"https:\\\/\\\/immo-6.es\\\/fr\\\/#\\\/schema\\\/logo\\\/image\\\/\",\"url\":\"https:\\\/\\\/immo-6.es\\\/wp-content\\\/uploads\\\/2025\\\/02\\\/logo-immo6-verde.png\",\"contentUrl\":\"https:\\\/\\\/immo-6.es\\\/wp-content\\\/uploads\\\/2025\\\/02\\\/logo-immo6-verde.png\",\"width\":270,\"height\":50,\"caption\":\"Immo 6 - Tu inmobiliaria especialista en fincas en M\u00e1laga\"},\"image\":{\"@id\":\"https:\\\/\\\/immo-6.es\\\/fr\\\/#\\\/schema\\\/logo\\\/image\\\/\"}}]}<\/script>\n<!-- \/ Yoast SEO plugin. -->","yoast_head_json":{"title":"Avis l\u00e9gal - Immo 6 - Tu inmobiliaria especialista en fincas en M&aacute;laga","robots":{"index":"index","follow":"follow","max-snippet":"max-snippet:-1","max-image-preview":"max-image-preview:large","max-video-preview":"max-video-preview:-1"},"canonical":"https:\/\/immo-6.es\/fr\/avis-legal\/","og_locale":"fr_FR","og_type":"article","og_title":"Avis l\u00e9gal - Immo 6 - Tu inmobiliaria especialista en fincas en M&aacute;laga","og_description":"Mentions l\u00e9gales 1. DONN\u00c9ES D&#8217;IDENTIFICATION Conform\u00e9ment \u00e0 l&#8217;article 10 de la loi 34\/2002 du 11 juillet sur les services de la soci\u00e9t\u00e9 de l&#8217;information et du commerce \u00e9lectronique (LSSICE), les utilisateurs sont inform\u00e9s des donn\u00e9es du propri\u00e9taire de ce site Web : Propri\u00e9taire : The Fifth Element Consulting SLNom commercial : Immo 6Si\u00e8ge social : [&hellip;]","og_url":"https:\/\/immo-6.es\/fr\/avis-legal\/","og_site_name":"Immo 6 - Tu inmobiliaria especialista en fincas en M&aacute;laga","article_modified_time":"2025-03-14T09:30:49+00:00","twitter_card":"summary_large_image","twitter_misc":{"Dur\u00e9e de lecture estim\u00e9e":"2 minutes"},"schema":{"@context":"https:\/\/schema.org","@graph":[{"@type":"WebPage","@id":"https:\/\/immo-6.es\/fr\/avis-legal\/","url":"https:\/\/immo-6.es\/fr\/avis-legal\/","name":"Avis l\u00e9gal - Immo 6 - Tu inmobiliaria especialista en fincas en M&aacute;laga","isPartOf":{"@id":"https:\/\/immo-6.es\/fr\/#website"},"datePublished":"2025-02-19T10:19:17+00:00","dateModified":"2025-03-14T09:30:49+00:00","breadcrumb":{"@id":"https:\/\/immo-6.es\/fr\/avis-legal\/#breadcrumb"},"inLanguage":"fr-FR","potentialAction":[{"@type":"ReadAction","target":["https:\/\/immo-6.es\/fr\/avis-legal\/"]}]},{"@type":"BreadcrumbList","@id":"https:\/\/immo-6.es\/fr\/avis-legal\/#breadcrumb","itemListElement":[{"@type":"ListItem","position":1,"name":"Portada","item":"https:\/\/immo-6.es\/fr\/"},{"@type":"ListItem","position":2,"name":"Avis l\u00e9gal"}]},{"@type":"WebSite","@id":"https:\/\/immo-6.es\/fr\/#website","url":"https:\/\/immo-6.es\/fr\/","name":"Immo 6 - Tu inmobiliaria especialista en fincas en M\u00e1laga","description":"Immo 6 es tu inmobiliaria especialista en fincas en la zona interior de M&aacute;laga - Si estas pensando en comprar o vender una casa, somos tu inmobiliaria","publisher":{"@id":"https:\/\/immo-6.es\/fr\/#organization"},"alternateName":"Immo 6 - Tu inmobiliaria especialista en fincas en M\u00e1laga","potentialAction":[{"@type":"SearchAction","target":{"@type":"EntryPoint","urlTemplate":"https:\/\/immo-6.es\/fr\/?s={search_term_string}"},"query-input":{"@type":"PropertyValueSpecification","valueRequired":true,"valueName":"search_term_string"}}],"inLanguage":"fr-FR"},{"@type":"Organization","@id":"https:\/\/immo-6.es\/fr\/#organization","name":"Immo 6 - Tu inmobiliaria especialista en fincas en M\u00e1laga","alternateName":"Immo 6 - Tu inmobiliaria especialista en fincas en M\u00e1laga","url":"https:\/\/immo-6.es\/fr\/","logo":{"@type":"ImageObject","inLanguage":"fr-FR","@id":"https:\/\/immo-6.es\/fr\/#\/schema\/logo\/image\/","url":"https:\/\/immo-6.es\/wp-content\/uploads\/2025\/02\/logo-immo6-verde.png","contentUrl":"https:\/\/immo-6.es\/wp-content\/uploads\/2025\/02\/logo-immo6-verde.png","width":270,"height":50,"caption":"Immo 6 - Tu inmobiliaria especialista en fincas en M\u00e1laga"},"image":{"@id":"https:\/\/immo-6.es\/fr\/#\/schema\/logo\/image\/"}}]}},"_links":{"self":[{"href":"https:\/\/immo-6.es\/fr\/wp-json\/wp\/v2\/pages\/10897","targetHints":{"allow":["GET"]}}],"collection":[{"href":"https:\/\/immo-6.es\/fr\/wp-json\/wp\/v2\/pages"}],"about":[{"href":"https:\/\/immo-6.es\/fr\/wp-json\/wp\/v2\/types\/page"}],"author":[{"embeddable":true,"href":"https:\/\/immo-6.es\/fr\/wp-json\/wp\/v2\/users\/1"}],"replies":[{"embeddable":true,"href":"https:\/\/immo-6.es\/fr\/wp-json\/wp\/v2\/comments?post=10897"}],"version-history":[{"count":6,"href":"https:\/\/immo-6.es\/fr\/wp-json\/wp\/v2\/pages\/10897\/revisions"}],"predecessor-version":[{"id":12106,"href":"https:\/\/immo-6.es\/fr\/wp-json\/wp\/v2\/pages\/10897\/revisions\/12106"}],"wp:attachment":[{"href":"https:\/\/immo-6.es\/fr\/wp-json\/wp\/v2\/media?parent=10897"}],"curies":[{"name":"wp","href":"https:\/\/api.w.org\/{rel}","templated":true}]}}