{"id":11512,"date":"2024-01-31T12:42:41","date_gmt":"2024-01-31T12:42:41","guid":{"rendered":"https:\/\/immo-6.es\/contactanos\/"},"modified":"2025-03-07T11:35:03","modified_gmt":"2025-03-07T11:35:03","slug":"contactez-nous","status":"publish","type":"page","link":"https:\/\/immo-6.es\/fr\/contactez-nous\/","title":{"rendered":"Contactez-nous"},"content":{"rendered":"\t\t<div data-elementor-type=\"wp-page\" data-elementor-id=\"11512\" class=\"elementor elementor-11512 elementor-5318\">\n\t\t\t\t<div class=\"elementor-element elementor-element-d139c3f e-flex e-con-boxed e-con e-parent\" data-id=\"d139c3f\" data-element_type=\"container\" data-e-type=\"container\">\n\t\t\t\t\t<div class=\"e-con-inner\">\n\t\t\t\t<div class=\"elementor-element elementor-element-877924f elementor-widget elementor-widget-homy_hero_title\" data-id=\"877924f\" data-element_type=\"widget\" data-e-type=\"widget\" data-widget_type=\"homy_hero_title.default\">\n\t\t\t\t<div class=\"elementor-widget-container\">\n\t\t\t\t\t  \r\n       \r\n       \t  \r\n        \r\n        <div class=\"title-one mb-50 xl-mb-30 lg-mb-20 wow fadeInUp homy-hero-title\">\r\n                        \r\n                        <h3 class=\"homy-title\">\r\n\t\t\t\tDes doutes ou des questions ? Contactez-nous et nous r\u00e9glerons tous les d\u00e9tails. \r\n                 \r\n                            <\/h3>\r\n\t\t\t            \r\n\t\t\t        <\/div>\r\n        <!-- Sec Title -->\r\n        \r\n        \r\n    \t\t\t\t<\/div>\n\t\t\t\t<\/div>\n\t\t<div class=\"elementor-element elementor-element-a234983 e-con-full e-flex e-con e-child\" data-id=\"a234983\" data-element_type=\"container\" data-e-type=\"container\">\n\t\t\t\t<div class=\"elementor-element elementor-element-90d504a elementor-widget-tablet__width-inherit elementor-widget elementor-widget-homy_icon_box\" data-id=\"90d504a\" data-element_type=\"widget\" data-e-type=\"widget\" data-widget_type=\"homy_icon_box.default\">\n\t\t\t\t<div class=\"elementor-widget-container\">\n\t\t\t\t\t    \r\n    \r\n               \r\n        <div class=\"address-banner wow fadeInUp homy-icon-box\">\r\n            <div class=\"block position-relative z-1 mt-25\">\r\n                <div class=\"d-xl-flex align-items-center\">\r\n                    <div class=\"icon rounded-circle d-flex align-items-center justify-content-center\"><img decoding=\"async\" src=\"https:\/\/immo-6.es\/wp-content\/uploads\/2024\/01\/icon_39.svg\" data-src=\"https:\/\/immo-6.es\/wp-content\/uploads\/2024\/01\/icon_39.svg\" alt=\"Awesome Image\" class=\"lazy-img\"><\/div>                    <div class=\"text\">\r\n                        <p class=\"fs-22 homy-title\">Contactez-nous par email<\/p>                        <div class=\"homy-text\"><a href=\"mailto:hola@immo-6.es\" class=\"tran3s\">\nhola@immo-6.es<\/a><\/div>                    <\/div>\r\n                    <!-- \/.text -->\r\n                <\/div>\r\n            <\/div><!-- \/.block -->\r\n        <\/div>\r\n        \r\n        \t\t\t\t<\/div>\n\t\t\t\t<\/div>\n\t\t\t\t<div class=\"elementor-element elementor-element-bc24002 elementor-widget-tablet__width-inherit elementor-widget elementor-widget-homy_icon_box\" data-id=\"bc24002\" data-element_type=\"widget\" data-e-type=\"widget\" data-widget_type=\"homy_icon_box.default\">\n\t\t\t\t<div class=\"elementor-widget-container\">\n\t\t\t\t\t    \r\n    \r\n              \r\n       <div class=\"address-banner wow fadeInUp homy-icon-box\">\r\n            <div class=\"block position-relative skew-line z-1 mt-25\">\r\n                <div class=\"d-xl-flex align-items-center\">\r\n                    <div class=\"icon rounded-circle d-flex align-items-center justify-content-center\"><img decoding=\"async\" src=\"https:\/\/immo-6.es\/wp-content\/uploads\/2024\/01\/icon_39.svg\" data-src=\"https:\/\/immo-6.es\/wp-content\/uploads\/2024\/01\/icon_39.svg\" alt=\"Awesome Image\" class=\"lazy-img\"><\/div>                    <div class=\"text\">\r\n                        <p class=\"fs-22 homy-title\">Appelez-nous par t\u00e9l\u00e9phone\n\n<\/p>                        <div class=\"homy-text\"><a href=\"tel:652321957\" class=\"tran3s\">\n652 32 19 57<\/a>\n<\/div>                    <\/div>\r\n                    <!-- \/.text -->\r\n                <\/div>\r\n            <\/div><!-- \/.block -->\r\n        <\/div>\r\n        \r\n       \t\t\t\t<\/div>\n\t\t\t\t<\/div>\n\t\t\t\t<\/div>\n\t\t\t\t\t<\/div>\n\t\t\t\t<\/div>\n\t\t<div class=\"elementor-element elementor-element-1a931f0 e-con-full e-flex e-con e-parent\" data-id=\"1a931f0\" data-element_type=\"container\" data-e-type=\"container\" data-settings=\"{&quot;background_background&quot;:&quot;classic&quot;}\">\n\t\t<div class=\"elementor-element elementor-element-49f6e70 e-con-full e-flex e-con e-child\" data-id=\"49f6e70\" data-element_type=\"container\" data-e-type=\"container\">\n\t\t\t\t<div class=\"elementor-element elementor-element-dc778cb elementor-widget elementor-widget-homy_google_map\" data-id=\"dc778cb\" data-element_type=\"widget\" data-e-type=\"widget\" data-settings=\"{&quot;homy_layout_margin&quot;:{&quot;unit&quot;:&quot;px&quot;,&quot;top&quot;:&quot;&quot;,&quot;right&quot;:&quot;&quot;,&quot;bottom&quot;:&quot;&quot;,&quot;left&quot;:&quot;&quot;,&quot;isLinked&quot;:true},&quot;homy_layout_margin_tablet&quot;:{&quot;unit&quot;:&quot;px&quot;,&quot;top&quot;:&quot;&quot;,&quot;right&quot;:&quot;&quot;,&quot;bottom&quot;:&quot;&quot;,&quot;left&quot;:&quot;&quot;,&quot;isLinked&quot;:true},&quot;homy_layout_margin_mobile&quot;:{&quot;unit&quot;:&quot;px&quot;,&quot;top&quot;:&quot;&quot;,&quot;right&quot;:&quot;&quot;,&quot;bottom&quot;:&quot;&quot;,&quot;left&quot;:&quot;&quot;,&quot;isLinked&quot;:true},&quot;homy_layout_padding&quot;:{&quot;unit&quot;:&quot;px&quot;,&quot;top&quot;:&quot;&quot;,&quot;right&quot;:&quot;&quot;,&quot;bottom&quot;:&quot;&quot;,&quot;left&quot;:&quot;&quot;,&quot;isLinked&quot;:true},&quot;homy_layout_padding_tablet&quot;:{&quot;unit&quot;:&quot;px&quot;,&quot;top&quot;:&quot;&quot;,&quot;right&quot;:&quot;&quot;,&quot;bottom&quot;:&quot;&quot;,&quot;left&quot;:&quot;&quot;,&quot;isLinked&quot;:true},&quot;homy_layout_padding_mobile&quot;:{&quot;unit&quot;:&quot;px&quot;,&quot;top&quot;:&quot;&quot;,&quot;right&quot;:&quot;&quot;,&quot;bottom&quot;:&quot;&quot;,&quot;left&quot;:&quot;&quot;,&quot;isLinked&quot;:true}}\" data-widget_type=\"homy_google_map.default\">\n\t\t\t\t<div class=\"elementor-widget-container\">\n\t\t\t\t\t    \r\n\t<!-- Map One -->\r\n\t<div class=\"homy-google-map\">\r\n\t\t        <div class=\"gmap_canvas h-100 w-100\">\r\n\t\t\t<iframe src=\"https:\/\/www.google.com\/maps\/embed?pb=!1m18!1m12!1m3!1d3200.58336045466!2d-4.7588685229629695!3d36.66047262228745!2m3!1f0!2f0!3f0!3m2!1i1024!2i768!4f13.1!3m3!1m2!1s0xd72dd172a601cff%3A0x96b0b7ebe795dbc0!2zMjkxMDAgQ2_DrW4sIE3DoWxhZ2E!5e0!3m2!1ses!2ses!4v1740489685957!5m2!1ses!2ses\" width=\"600\" height=\"700\" style=\"border:0;\" allowfullscreen=\"\" loading=\"lazy\" referrerpolicy=\"no-referrer-when-downgrade\"><\/iframe>\t\t<\/div>\r\n        \t<\/div>\r\n     \r\n     \r\n    \t\t\t\t<\/div>\n\t\t\t\t<\/div>\n\t\t\t\t<\/div>\n\t\t<div class=\"elementor-element elementor-element-6b3fb64 e-con-full e-flex e-con e-child\" data-id=\"6b3fb64\" data-element_type=\"container\" data-e-type=\"container\">\n\t\t\t\t<div class=\"elementor-element elementor-element-2d0d1f8 elementor-widget elementor-widget-homy_hero_title\" data-id=\"2d0d1f8\" data-element_type=\"widget\" data-e-type=\"widget\" data-widget_type=\"homy_hero_title.default\">\n\t\t\t\t<div class=\"elementor-widget-container\">\n\t\t\t\t\t  \r\n       \r\n       \t  \r\n        \r\n        <div class=\"title-one mb-50 xl-mb-30 lg-mb-20 wow fadeInUp homy-hero-title\">\r\n            \t\t\t\t<div class=\"upper-title  homy-subtitle\">Utilisez ce formulaire et<\/div> \r\n\t\t\t            \r\n                        <h3 class=\"homy-title\">\r\n\t\t\t\tEnvoyez-nous votre demande \r\n                 \r\n                            <\/h3>\r\n\t\t\t            \r\n\t\t\t        <\/div>\r\n        <!-- Sec Title -->\r\n        \r\n        \r\n    \t\t\t\t<\/div>\n\t\t\t\t<\/div>\n\t\t\t\t<div class=\"elementor-element elementor-element-562c9ee elementor-widget__width-initial elementor-widget-tablet__width-initial elementor-widget elementor-widget-homy_form\" data-id=\"562c9ee\" data-element_type=\"widget\" data-e-type=\"widget\" data-settings=\"{&quot;homy_layout_margin&quot;:{&quot;unit&quot;:&quot;px&quot;,&quot;top&quot;:&quot;&quot;,&quot;right&quot;:&quot;&quot;,&quot;bottom&quot;:&quot;&quot;,&quot;left&quot;:&quot;&quot;,&quot;isLinked&quot;:true},&quot;homy_layout_margin_tablet&quot;:{&quot;unit&quot;:&quot;px&quot;,&quot;top&quot;:&quot;&quot;,&quot;right&quot;:&quot;&quot;,&quot;bottom&quot;:&quot;&quot;,&quot;left&quot;:&quot;&quot;,&quot;isLinked&quot;:true},&quot;homy_layout_margin_mobile&quot;:{&quot;unit&quot;:&quot;px&quot;,&quot;top&quot;:&quot;&quot;,&quot;right&quot;:&quot;&quot;,&quot;bottom&quot;:&quot;&quot;,&quot;left&quot;:&quot;&quot;,&quot;isLinked&quot;:true},&quot;homy_layout_padding&quot;:{&quot;unit&quot;:&quot;px&quot;,&quot;top&quot;:&quot;&quot;,&quot;right&quot;:&quot;&quot;,&quot;bottom&quot;:&quot;&quot;,&quot;left&quot;:&quot;&quot;,&quot;isLinked&quot;:true},&quot;homy_layout_padding_tablet&quot;:{&quot;unit&quot;:&quot;px&quot;,&quot;top&quot;:&quot;&quot;,&quot;right&quot;:&quot;&quot;,&quot;bottom&quot;:&quot;&quot;,&quot;left&quot;:&quot;&quot;,&quot;isLinked&quot;:true},&quot;homy_layout_padding_mobile&quot;:{&quot;unit&quot;:&quot;px&quot;,&quot;top&quot;:&quot;&quot;,&quot;right&quot;:&quot;&quot;,&quot;bottom&quot;:&quot;&quot;,&quot;left&quot;:&quot;&quot;,&quot;isLinked&quot;:true}}\" data-widget_type=\"homy_form.default\">\n\t\t\t\t<div class=\"elementor-widget-container\">\n\t\t\t\t\t    \r\n   \r\n\t<div class=\"homy-form\">\r\n                <div class=\"form-style-one wow fadeInUp\">\r\n            <div id=\"contact-form\">\r\n             \t\n<div class=\"wpcf7 no-js\" id=\"wpcf7-f11371-o1\" lang=\"fr-FR\" dir=\"ltr\" data-wpcf7-id=\"11371\">\n<div class=\"screen-reader-response\"><p role=\"status\" aria-live=\"polite\" aria-atomic=\"true\"><\/p> <ul><\/ul><\/div>\n<form action=\"\/fr\/wp-json\/wp\/v2\/pages\/11512#wpcf7-f11371-o1\" method=\"post\" class=\"wpcf7-form init\" aria-label=\"Formulaire de contact\" novalidate=\"novalidate\" data-status=\"init\">\n<fieldset class=\"hidden-fields-container\"><input type=\"hidden\" name=\"_wpcf7\" value=\"11371\" \/><input type=\"hidden\" name=\"_wpcf7_version\" value=\"6.1.5\" \/><input type=\"hidden\" name=\"_wpcf7_locale\" value=\"fr_FR\" \/><input type=\"hidden\" name=\"_wpcf7_unit_tag\" value=\"wpcf7-f11371-o1\" \/><input type=\"hidden\" name=\"_wpcf7_container_post\" value=\"0\" \/><input type=\"hidden\" name=\"_wpcf7_posted_data_hash\" value=\"\" \/>\n<\/fieldset>\n<div class=\"messages\">\n<\/div>\n<div class=\"row controls\">\n\t<div class=\"col-12\">\n\t\t<div class=\"input-group-meta form-group mb-30\">\n\t\t\t<p><label>Name*<\/label><span class=\"wpcf7-form-control-wrap\" data-name=\"text-855\"><input size=\"40\" maxlength=\"400\" class=\"wpcf7-form-control wpcf7-text wpcf7-validates-as-required\" aria-required=\"true\" aria-invalid=\"false\" placeholder=\"Votre nom*\" value=\"\" type=\"text\" name=\"text-855\" \/><\/span>\n\t\t\t<\/p>\n\t\t\t<div class=\"help-block with-errors\">\n\t\t\t<\/div>\n\t\t<\/div>\n\t<\/div>\n\t<div class=\"col-12\">\n\t\t<div class=\"input-group-meta form-group mb-40\">\n\t\t\t<p><label>Email*<\/label><span class=\"wpcf7-form-control-wrap\" data-name=\"email-228\"><input size=\"40\" maxlength=\"400\" class=\"wpcf7-form-control wpcf7-email wpcf7-validates-as-required wpcf7-text wpcf7-validates-as-email\" aria-required=\"true\" aria-invalid=\"false\" placeholder=\"Votre Email*\" value=\"\" type=\"email\" name=\"email-228\" \/><\/span>\n\t\t\t<\/p>\n\t\t\t<div class=\"help-block with-errors\">\n\t\t\t<\/div>\n\t\t<\/div>\n\t<\/div>\n\t<div class=\"col-12\">\n\t\t<div class=\"input-group-meta form-group mb-35\">\n\t\t\t<p><span class=\"wpcf7-form-control-wrap\" data-name=\"textarea-103\"><textarea cols=\"40\" rows=\"10\" maxlength=\"2000\" class=\"wpcf7-form-control wpcf7-textarea wpcf7-validates-as-required\" aria-required=\"true\" aria-invalid=\"false\" placeholder=\"Votre message *\" name=\"textarea-103\"><\/textarea><\/span>\n\t\t\t<\/p>\n\t\t<\/div>\n\t<\/div>\n\t<div class=\"col-12\">\n\t\t<p><button class=\"btn-nine text-uppercase rounded-3 fw-normal w-100\">Envoyer le message<\/button>\n\t\t<\/p>\n\t<\/div>\n<\/div><div class=\"wpcf7-response-output\" aria-hidden=\"true\"><\/div>\n<\/form>\n<\/div>\n            <\/div>\r\n        <\/div>\r\n        \t<\/div>\r\n \r\n    \t\t\t\t<\/div>\n\t\t\t\t<\/div>\n\t\t\t\t<\/div>\n\t\t\t\t<\/div>\n\t\t\t\t<\/div>\n\t\t","protected":false},"excerpt":{"rendered":"<p>Des doutes ou des questions ? Contactez-nous et nous r\u00e9glerons tous les d\u00e9tails. Contactez-nous par email hola@immo-6.es Appelez-nous par t\u00e9l\u00e9phone 652 32 19 57 Utilisez ce formulaire et Envoyez-nous votre demande Name* Email* Enviar Mensaje<\/p>\n","protected":false},"author":2,"featured_media":0,"parent":0,"menu_order":0,"comment_status":"closed","ping_status":"closed","template":"tpl-default-elementor.php","meta":{"footnotes":""},"class_list":["post-11512","page","type-page","status-publish","hentry"],"yoast_head":"<!-- This site is optimized with the Yoast SEO plugin v27.3 - https:\/\/yoast.com\/product\/yoast-seo-wordpress\/ -->\n<title>Contactez-nous - Immo 6 - Tu inmobiliaria especialista en fincas en M&aacute;laga<\/title>\n<meta name=\"robots\" content=\"index, follow, max-snippet:-1, max-image-preview:large, max-video-preview:-1\" \/>\n<link rel=\"canonical\" href=\"https:\/\/immo-6.es\/fr\/contactez-nous\/\" \/>\n<meta property=\"og:locale\" content=\"fr_FR\" \/>\n<meta property=\"og:type\" content=\"article\" \/>\n<meta property=\"og:title\" content=\"Contactez-nous - Immo 6 - Tu inmobiliaria especialista en fincas en M&aacute;laga\" \/>\n<meta property=\"og:description\" content=\"Des doutes ou des questions ? Contactez-nous et nous r\u00e9glerons tous les d\u00e9tails. Contactez-nous par email hola@immo-6.es Appelez-nous par t\u00e9l\u00e9phone 652 32 19 57 Utilisez ce formulaire et Envoyez-nous votre demande Name* Email* Enviar Mensaje\" \/>\n<meta property=\"og:url\" content=\"https:\/\/immo-6.es\/fr\/contactez-nous\/\" \/>\n<meta property=\"og:site_name\" content=\"Immo 6 - Tu inmobiliaria especialista en fincas en M&aacute;laga\" \/>\n<meta property=\"article:modified_time\" content=\"2025-03-07T11:35:03+00:00\" \/>\n<meta property=\"og:image\" content=\"https:\/\/immo-6.es\/wp-content\/uploads\/2024\/01\/icon_39.svg\" \/>\n<meta name=\"twitter:card\" content=\"summary_large_image\" \/>\n<script type=\"application\/ld+json\" class=\"yoast-schema-graph\">{\"@context\":\"https:\\\/\\\/schema.org\",\"@graph\":[{\"@type\":\"WebPage\",\"@id\":\"https:\\\/\\\/immo-6.es\\\/fr\\\/contactez-nous\\\/\",\"url\":\"https:\\\/\\\/immo-6.es\\\/fr\\\/contactez-nous\\\/\",\"name\":\"Contactez-nous - Immo 6 - Tu inmobiliaria especialista en fincas en M&aacute;laga\",\"isPartOf\":{\"@id\":\"https:\\\/\\\/immo-6.es\\\/fr\\\/#website\"},\"primaryImageOfPage\":{\"@id\":\"https:\\\/\\\/immo-6.es\\\/fr\\\/contactez-nous\\\/#primaryimage\"},\"image\":{\"@id\":\"https:\\\/\\\/immo-6.es\\\/fr\\\/contactez-nous\\\/#primaryimage\"},\"thumbnailUrl\":\"https:\\\/\\\/immo-6.es\\\/wp-content\\\/uploads\\\/2024\\\/01\\\/icon_39.svg\",\"datePublished\":\"2024-01-31T12:42:41+00:00\",\"dateModified\":\"2025-03-07T11:35:03+00:00\",\"breadcrumb\":{\"@id\":\"https:\\\/\\\/immo-6.es\\\/fr\\\/contactez-nous\\\/#breadcrumb\"},\"inLanguage\":\"fr-FR\",\"potentialAction\":[{\"@type\":\"ReadAction\",\"target\":[\"https:\\\/\\\/immo-6.es\\\/fr\\\/contactez-nous\\\/\"]}]},{\"@type\":\"ImageObject\",\"inLanguage\":\"fr-FR\",\"@id\":\"https:\\\/\\\/immo-6.es\\\/fr\\\/contactez-nous\\\/#primaryimage\",\"url\":\"https:\\\/\\\/immo-6.es\\\/wp-content\\\/uploads\\\/2024\\\/01\\\/icon_39.svg\",\"contentUrl\":\"https:\\\/\\\/immo-6.es\\\/wp-content\\\/uploads\\\/2024\\\/01\\\/icon_39.svg\"},{\"@type\":\"BreadcrumbList\",\"@id\":\"https:\\\/\\\/immo-6.es\\\/fr\\\/contactez-nous\\\/#breadcrumb\",\"itemListElement\":[{\"@type\":\"ListItem\",\"position\":1,\"name\":\"Portada\",\"item\":\"https:\\\/\\\/immo-6.es\\\/fr\\\/\"},{\"@type\":\"ListItem\",\"position\":2,\"name\":\"Contactez-nous\"}]},{\"@type\":\"WebSite\",\"@id\":\"https:\\\/\\\/immo-6.es\\\/fr\\\/#website\",\"url\":\"https:\\\/\\\/immo-6.es\\\/fr\\\/\",\"name\":\"Immo 6 - Tu inmobiliaria especialista en fincas en M\u00e1laga\",\"description\":\"Immo 6 es tu inmobiliaria especialista en fincas en la zona interior de M&aacute;laga - Si estas pensando en comprar o vender una casa, somos tu inmobiliaria\",\"publisher\":{\"@id\":\"https:\\\/\\\/immo-6.es\\\/fr\\\/#organization\"},\"alternateName\":\"Immo 6 - Tu inmobiliaria especialista en fincas en M\u00e1laga\",\"potentialAction\":[{\"@type\":\"SearchAction\",\"target\":{\"@type\":\"EntryPoint\",\"urlTemplate\":\"https:\\\/\\\/immo-6.es\\\/fr\\\/?s={search_term_string}\"},\"query-input\":{\"@type\":\"PropertyValueSpecification\",\"valueRequired\":true,\"valueName\":\"search_term_string\"}}],\"inLanguage\":\"fr-FR\"},{\"@type\":\"Organization\",\"@id\":\"https:\\\/\\\/immo-6.es\\\/fr\\\/#organization\",\"name\":\"Immo 6 - Tu inmobiliaria especialista en fincas en M\u00e1laga\",\"alternateName\":\"Immo 6 - Tu inmobiliaria especialista en fincas en M\u00e1laga\",\"url\":\"https:\\\/\\\/immo-6.es\\\/fr\\\/\",\"logo\":{\"@type\":\"ImageObject\",\"inLanguage\":\"fr-FR\",\"@id\":\"https:\\\/\\\/immo-6.es\\\/fr\\\/#\\\/schema\\\/logo\\\/image\\\/\",\"url\":\"https:\\\/\\\/immo-6.es\\\/wp-content\\\/uploads\\\/2025\\\/02\\\/logo-immo6-verde.png\",\"contentUrl\":\"https:\\\/\\\/immo-6.es\\\/wp-content\\\/uploads\\\/2025\\\/02\\\/logo-immo6-verde.png\",\"width\":270,\"height\":50,\"caption\":\"Immo 6 - Tu inmobiliaria especialista en fincas en M\u00e1laga\"},\"image\":{\"@id\":\"https:\\\/\\\/immo-6.es\\\/fr\\\/#\\\/schema\\\/logo\\\/image\\\/\"}}]}<\/script>\n<!-- \/ Yoast SEO plugin. -->","yoast_head_json":{"title":"Contactez-nous - Immo 6 - Tu inmobiliaria especialista en fincas en M&aacute;laga","robots":{"index":"index","follow":"follow","max-snippet":"max-snippet:-1","max-image-preview":"max-image-preview:large","max-video-preview":"max-video-preview:-1"},"canonical":"https:\/\/immo-6.es\/fr\/contactez-nous\/","og_locale":"fr_FR","og_type":"article","og_title":"Contactez-nous - Immo 6 - Tu inmobiliaria especialista en fincas en M&aacute;laga","og_description":"Des doutes ou des questions ? Contactez-nous et nous r\u00e9glerons tous les d\u00e9tails. Contactez-nous par email hola@immo-6.es Appelez-nous par t\u00e9l\u00e9phone 652 32 19 57 Utilisez ce formulaire et Envoyez-nous votre demande Name* Email* Enviar Mensaje","og_url":"https:\/\/immo-6.es\/fr\/contactez-nous\/","og_site_name":"Immo 6 - Tu inmobiliaria especialista en fincas en M&aacute;laga","article_modified_time":"2025-03-07T11:35:03+00:00","og_image":[{"url":"https:\/\/immo-6.es\/wp-content\/uploads\/2024\/01\/icon_39.svg","type":"","width":"","height":""}],"twitter_card":"summary_large_image","schema":{"@context":"https:\/\/schema.org","@graph":[{"@type":"WebPage","@id":"https:\/\/immo-6.es\/fr\/contactez-nous\/","url":"https:\/\/immo-6.es\/fr\/contactez-nous\/","name":"Contactez-nous - Immo 6 - Tu inmobiliaria especialista en fincas en M&aacute;laga","isPartOf":{"@id":"https:\/\/immo-6.es\/fr\/#website"},"primaryImageOfPage":{"@id":"https:\/\/immo-6.es\/fr\/contactez-nous\/#primaryimage"},"image":{"@id":"https:\/\/immo-6.es\/fr\/contactez-nous\/#primaryimage"},"thumbnailUrl":"https:\/\/immo-6.es\/wp-content\/uploads\/2024\/01\/icon_39.svg","datePublished":"2024-01-31T12:42:41+00:00","dateModified":"2025-03-07T11:35:03+00:00","breadcrumb":{"@id":"https:\/\/immo-6.es\/fr\/contactez-nous\/#breadcrumb"},"inLanguage":"fr-FR","potentialAction":[{"@type":"ReadAction","target":["https:\/\/immo-6.es\/fr\/contactez-nous\/"]}]},{"@type":"ImageObject","inLanguage":"fr-FR","@id":"https:\/\/immo-6.es\/fr\/contactez-nous\/#primaryimage","url":"https:\/\/immo-6.es\/wp-content\/uploads\/2024\/01\/icon_39.svg","contentUrl":"https:\/\/immo-6.es\/wp-content\/uploads\/2024\/01\/icon_39.svg"},{"@type":"BreadcrumbList","@id":"https:\/\/immo-6.es\/fr\/contactez-nous\/#breadcrumb","itemListElement":[{"@type":"ListItem","position":1,"name":"Portada","item":"https:\/\/immo-6.es\/fr\/"},{"@type":"ListItem","position":2,"name":"Contactez-nous"}]},{"@type":"WebSite","@id":"https:\/\/immo-6.es\/fr\/#website","url":"https:\/\/immo-6.es\/fr\/","name":"Immo 6 - Tu inmobiliaria especialista en fincas en M\u00e1laga","description":"Immo 6 es tu inmobiliaria especialista en fincas en la zona interior de M&aacute;laga - Si estas pensando en comprar o vender una casa, somos tu inmobiliaria","publisher":{"@id":"https:\/\/immo-6.es\/fr\/#organization"},"alternateName":"Immo 6 - Tu inmobiliaria especialista en fincas en M\u00e1laga","potentialAction":[{"@type":"SearchAction","target":{"@type":"EntryPoint","urlTemplate":"https:\/\/immo-6.es\/fr\/?s={search_term_string}"},"query-input":{"@type":"PropertyValueSpecification","valueRequired":true,"valueName":"search_term_string"}}],"inLanguage":"fr-FR"},{"@type":"Organization","@id":"https:\/\/immo-6.es\/fr\/#organization","name":"Immo 6 - Tu inmobiliaria especialista en fincas en M\u00e1laga","alternateName":"Immo 6 - Tu inmobiliaria especialista en fincas en M\u00e1laga","url":"https:\/\/immo-6.es\/fr\/","logo":{"@type":"ImageObject","inLanguage":"fr-FR","@id":"https:\/\/immo-6.es\/fr\/#\/schema\/logo\/image\/","url":"https:\/\/immo-6.es\/wp-content\/uploads\/2025\/02\/logo-immo6-verde.png","contentUrl":"https:\/\/immo-6.es\/wp-content\/uploads\/2025\/02\/logo-immo6-verde.png","width":270,"height":50,"caption":"Immo 6 - Tu inmobiliaria especialista en fincas en M\u00e1laga"},"image":{"@id":"https:\/\/immo-6.es\/fr\/#\/schema\/logo\/image\/"}}]}},"_links":{"self":[{"href":"https:\/\/immo-6.es\/fr\/wp-json\/wp\/v2\/pages\/11512","targetHints":{"allow":["GET"]}}],"collection":[{"href":"https:\/\/immo-6.es\/fr\/wp-json\/wp\/v2\/pages"}],"about":[{"href":"https:\/\/immo-6.es\/fr\/wp-json\/wp\/v2\/types\/page"}],"author":[{"embeddable":true,"href":"https:\/\/immo-6.es\/fr\/wp-json\/wp\/v2\/users\/2"}],"replies":[{"embeddable":true,"href":"https:\/\/immo-6.es\/fr\/wp-json\/wp\/v2\/comments?post=11512"}],"version-history":[{"count":4,"href":"https:\/\/immo-6.es\/fr\/wp-json\/wp\/v2\/pages\/11512\/revisions"}],"predecessor-version":[{"id":11523,"href":"https:\/\/immo-6.es\/fr\/wp-json\/wp\/v2\/pages\/11512\/revisions\/11523"}],"wp:attachment":[{"href":"https:\/\/immo-6.es\/fr\/wp-json\/wp\/v2\/media?parent=11512"}],"curies":[{"name":"wp","href":"https:\/\/api.w.org\/{rel}","templated":true}]}}